{"id":1340,"date":"2025-01-27T21:18:16","date_gmt":"2025-01-27T20:18:16","guid":{"rendered":"https:\/\/inthesky.previo-demo.com.pl\/rezerwacja-online-wroclaw\/"},"modified":"2026-01-29T13:56:13","modified_gmt":"2026-01-29T12:56:13","slug":"online-buchung-breslau","status":"publish","type":"page","link":"https:\/\/inthesky.apartments\/de\/online-buchung-breslau","title":{"rendered":"buchung-online-breslau"},"content":{"rendered":"<section class=\"u-clearfix u-image u-shading u-section-2\" id=\"sec-bfa4\" data-image-width=\"2000\" data-image-height=\"1333\" style=\"background-image: linear-gradient(0deg, rgba(0, 0, 0, 0.5), rgba(0, 0, 0, 0.5)), url(&quot;https:\/\/inthesky.apartments\/wp-content\/uploads\/2025\/01\/10-Kopia1-5.jpg&quot;);\">\n      <div class=\"u-clearfix u-sheet u-valign-middle-lg u-valign-middle-xl u-valign-middle-xs u-sheet-1\">\n        <h1 class=\"u-align-center u-custom-font u-heading-font u-text u-text-1\" data-animation-out=\"0\" data-animation-name=\"customAnimationIn\" data-animation-duration=\"1000\" data-animation-delay=\"0\">Online Reservierung<\/h1>\n      <\/div>\n    <\/section>\n    <section class=\"u-clearfix u-section-3\" id=\"sec-d7e5\">\n      <div class=\"u-clearfix u-sheet u-sheet-1\">\n        <div class=\"u-absolute-hcenter u-border-1 u-border-custom-color-1 u-expanded-height u-line u-line-vertical u-line-1\"><\/div>\n      <\/div>\n    <\/section>\n    <section class=\"u-clearfix u-section-4\" id=\"sec-c1dc\">\n      <div class=\"u-clearfix u-sheet u-valign-middle u-sheet-1\">\n        <div class=\"u-expanded-width u-shortcode u-shortcode-1\">    <style>\n        .previo-booking-loader {\n            display: flex;\n            justify-content: center;\n            align-items: center;\n            min-height: 200px;\n        }\n        .previo-booking-spinner {\n            width: 40px;\n            height: 40px;\n            border: 4px solid #f3f3f3;\n            border-top: 4px solid #3498db;\n            border-radius: 50%;\n            animation: previo-spin 1s linear infinite;\n        }\n        @keyframes previo-spin {\n            0% { transform: rotate(0deg); }\n            100% { transform: rotate(360deg); }\n        }\n        .previo-booking-loader.hidden {\n            display: none;\n        }\n    <\/style>\n    <div class=\"previo-booking-loader\" id=\"previo-booking-loader\">\n        <div class=\"previo-booking-spinner\"><\/div>\n    <\/div>\n    <div id=\"previo-booking-engine\"><\/div>\n    <script type=\"text\/javascript\">\n        var bookingEngineConfig = {\"id\":\"019c09c8-6914-7363-aacc-e331509b157c\",\"lang\":\"pl\",\"currency\":\"PLN\"};\n        var a = document.createElement('script');\n        a.src = 'https:\/\/booking.previo.app\/loader\/';\n        a.onload = function() {\n            \/\/ Sprawd\u017a czy booking engine si\u0119 za\u0142adowa\u0142\n            var checkLoaded = setInterval(function() {\n                var engineDiv = document.getElementById('previo-booking-engine');\n                if (engineDiv && (engineDiv.children.length > 0 || engineDiv.innerHTML.trim() !== '')) {\n                    var loader = document.getElementById('previo-booking-loader');\n                    if (loader) {\n                        loader.classList.add('hidden');\n                    }\n                    clearInterval(checkLoaded);\n                }\n            }, 100);\n            \n            \/\/ Timeout - ukryj loader po maksymalnie 10 sekundach\n            setTimeout(function() {\n                var loader = document.getElementById('previo-booking-loader');\n                if (loader) {\n                    loader.classList.add('hidden');\n                }\n                clearInterval(checkLoaded);\n            }, 10000);\n        };\n        document.head.appendChild(a);\n    <\/script>\n    <\/div>\n      <\/div>\n    <\/section>\n    <section class=\"u-clearfix u-section-5\" id=\"sec-eeca\">\n      <div class=\"u-clearfix u-sheet u-sheet-1\">\n        <div class=\"u-absolute-hcenter u-border-1 u-border-custom-color-1 u-expanded-height u-line u-line-vertical u-line-1\"><\/div>\n      <\/div>\n    <\/section>","protected":false},"excerpt":{"rendered":"<p>Online Reservierung<\/p>","protected":false},"author":1,"featured_media":0,"parent":0,"menu_order":1,"comment_status":"closed","ping_status":"closed","template":"","meta":{"footnotes":""},"class_list":["post-1340","page","type-page","status-publish","hentry"],"yoast_head":"<!-- This site is optimized with the Yoast SEO plugin v24.3 - https:\/\/yoast.com\/wordpress\/plugins\/seo\/ -->\n<title>Nocleg w chmurach | Rezerwacja online Wroc\u0142aw | In The Sky<\/title>\n<meta name=\"description\" content=\"Oferta zawiera nocleg w pe\u0142ni wyposa\u017conym luksusowym apartamencie na wysokich pi\u0119trach budynku z pi\u0119knym widokiem na miasto. Zarezerwuj online.\" \/>\n<meta name=\"robots\" content=\"index, follow, max-snippet:-1, max-image-preview:large, max-video-preview:-1\" \/>\n<link rel=\"canonical\" href=\"https:\/\/inthesky.apartments\/de\/online-buchung-breslau\" \/>\n<meta property=\"og:locale\" content=\"de_DE\" \/>\n<meta property=\"og:type\" content=\"article\" \/>\n<meta property=\"og:title\" content=\"Nocleg w chmurach | Rezerwacja online Wroc\u0142aw | In The Sky\" \/>\n<meta property=\"og:description\" content=\"Oferta zawiera nocleg w pe\u0142ni wyposa\u017conym luksusowym apartamencie na wysokich pi\u0119trach budynku z pi\u0119knym widokiem na miasto. Zarezerwuj online.\" \/>\n<meta property=\"og:url\" content=\"https:\/\/inthesky.apartments\/de\/online-buchung-breslau\" \/>\n<meta property=\"og:site_name\" content=\"InTheSky Apartments\" \/>\n<meta property=\"article:modified_time\" content=\"2026-01-29T12:56:13+00:00\" \/>\n<meta name=\"twitter:card\" content=\"summary_large_image\" \/>\n<meta name=\"twitter:label1\" content=\"Gesch\u00e4tzte Lesezeit\" \/>\n\t<meta name=\"twitter:data1\" content=\"1\u00a0Minute\" \/>\n<script type=\"application\/ld+json\" class=\"yoast-schema-graph\">{\"@context\":\"https:\/\/schema.org\",\"@graph\":[{\"@type\":\"WebPage\",\"@id\":\"https:\/\/inthesky.apartments\/rezerwacja-online-wroclaw\",\"url\":\"https:\/\/inthesky.apartments\/rezerwacja-online-wroclaw\",\"name\":\"Nocleg w chmurach | Rezerwacja online Wroc\u0142aw | In The Sky\",\"isPartOf\":{\"@id\":\"https:\/\/inthesky.apartments\/#website\"},\"datePublished\":\"2025-01-27T20:18:16+00:00\",\"dateModified\":\"2026-01-29T12:56:13+00:00\",\"description\":\"Oferta zawiera nocleg w pe\u0142ni wyposa\u017conym luksusowym apartamencie na wysokich pi\u0119trach budynku z pi\u0119knym widokiem na miasto. Zarezerwuj online.\",\"breadcrumb\":{\"@id\":\"https:\/\/inthesky.apartments\/rezerwacja-online-wroclaw#breadcrumb\"},\"inLanguage\":\"de\",\"potentialAction\":[{\"@type\":\"ReadAction\",\"target\":[\"https:\/\/inthesky.apartments\/rezerwacja-online-wroclaw\"]}]},{\"@type\":\"BreadcrumbList\",\"@id\":\"https:\/\/inthesky.apartments\/rezerwacja-online-wroclaw#breadcrumb\",\"itemListElement\":[{\"@type\":\"ListItem\",\"position\":1,\"name\":\"Strona g\u0142\u00f3wna\",\"item\":\"https:\/\/inthesky.apartments\/\"},{\"@type\":\"ListItem\",\"position\":2,\"name\":\"rezerwacja-online-wroclaw\"}]},{\"@type\":\"WebSite\",\"@id\":\"https:\/\/inthesky.apartments\/#website\",\"url\":\"https:\/\/inthesky.apartments\/\",\"name\":\"InTheSky Apartments\",\"description\":\"\",\"potentialAction\":[{\"@type\":\"SearchAction\",\"target\":{\"@type\":\"EntryPoint\",\"urlTemplate\":\"https:\/\/inthesky.apartments\/?s={search_term_string}\"},\"query-input\":{\"@type\":\"PropertyValueSpecification\",\"valueRequired\":true,\"valueName\":\"search_term_string\"}}],\"inLanguage\":\"de\"}]}<\/script>\n<!-- \/ Yoast SEO plugin. -->","yoast_head_json":{"title":"Unterkunft in den Wolken | Online Reservierung Wroc\u0142aw | In The Sky","description":"Das Angebot umfasst die Unterbringung in einer voll ausgestatteten Luxuswohnung in den oberen Etagen des Geb\u00e4udes mit herrlichem Blick auf die Stadt. Buchen Sie online.","robots":{"index":"index","follow":"follow","max-snippet":"max-snippet:-1","max-image-preview":"max-image-preview:large","max-video-preview":"max-video-preview:-1"},"canonical":"https:\/\/inthesky.apartments\/de\/online-buchung-breslau","og_locale":"de_DE","og_type":"article","og_title":"Nocleg w chmurach | Rezerwacja online Wroc\u0142aw | In The Sky","og_description":"Oferta zawiera nocleg w pe\u0142ni wyposa\u017conym luksusowym apartamencie na wysokich pi\u0119trach budynku z pi\u0119knym widokiem na miasto. Zarezerwuj online.","og_url":"https:\/\/inthesky.apartments\/de\/online-buchung-breslau","og_site_name":"InTheSky Apartments","article_modified_time":"2026-01-29T12:56:13+00:00","twitter_card":"summary_large_image","twitter_misc":{"Gesch\u00e4tzte Lesezeit":"1\u00a0Minute"},"schema":{"@context":"https:\/\/schema.org","@graph":[{"@type":"WebPage","@id":"https:\/\/inthesky.apartments\/rezerwacja-online-wroclaw","url":"https:\/\/inthesky.apartments\/rezerwacja-online-wroclaw","name":"Unterkunft in den Wolken | Online Reservierung Wroc\u0142aw | In The Sky","isPartOf":{"@id":"https:\/\/inthesky.apartments\/#website"},"datePublished":"2025-01-27T20:18:16+00:00","dateModified":"2026-01-29T12:56:13+00:00","description":"Das Angebot umfasst die Unterbringung in einer voll ausgestatteten Luxuswohnung in den oberen Etagen des Geb\u00e4udes mit herrlichem Blick auf die Stadt. Buchen Sie online.","breadcrumb":{"@id":"https:\/\/inthesky.apartments\/rezerwacja-online-wroclaw#breadcrumb"},"inLanguage":"de","potentialAction":[{"@type":"ReadAction","target":["https:\/\/inthesky.apartments\/rezerwacja-online-wroclaw"]}]},{"@type":"BreadcrumbList","@id":"https:\/\/inthesky.apartments\/rezerwacja-online-wroclaw#breadcrumb","itemListElement":[{"@type":"ListItem","position":1,"name":"Strona g\u0142\u00f3wna","item":"https:\/\/inthesky.apartments\/"},{"@type":"ListItem","position":2,"name":"rezerwacja-online-wroclaw"}]},{"@type":"WebSite","@id":"https:\/\/inthesky.apartments\/#website","url":"https:\/\/inthesky.apartments\/","name":"InTheSky Wohnungen","description":"","potentialAction":[{"@type":"SearchAction","target":{"@type":"EntryPoint","urlTemplate":"https:\/\/inthesky.apartments\/?s={search_term_string}"},"query-input":{"@type":"PropertyValueSpecification","valueRequired":true,"valueName":"search_term_string"}}],"inLanguage":"de"}]}},"_links":{"self":[{"href":"https:\/\/inthesky.apartments\/de\/wp-json\/wp\/v2\/pages\/1340","targetHints":{"allow":["GET"]}}],"collection":[{"href":"https:\/\/inthesky.apartments\/de\/wp-json\/wp\/v2\/pages"}],"about":[{"href":"https:\/\/inthesky.apartments\/de\/wp-json\/wp\/v2\/types\/page"}],"author":[{"embeddable":true,"href":"https:\/\/inthesky.apartments\/de\/wp-json\/wp\/v2\/users\/1"}],"replies":[{"embeddable":true,"href":"https:\/\/inthesky.apartments\/de\/wp-json\/wp\/v2\/comments?post=1340"}],"version-history":[{"count":2,"href":"https:\/\/inthesky.apartments\/de\/wp-json\/wp\/v2\/pages\/1340\/revisions"}],"predecessor-version":[{"id":3092,"href":"https:\/\/inthesky.apartments\/de\/wp-json\/wp\/v2\/pages\/1340\/revisions\/3092"}],"wp:attachment":[{"href":"https:\/\/inthesky.apartments\/de\/wp-json\/wp\/v2\/media?parent=1340"}],"curies":[{"name":"wp","href":"https:\/\/api.w.org\/{rel}","templated":true}]}}